{"id":181,"date":"2022-05-07T09:50:07","date_gmt":"2022-05-07T09:50:07","guid":{"rendered":"https:\/\/autoteile-kaarst.de\/?page_id=181"},"modified":"2022-11-19T08:09:23","modified_gmt":"2022-11-19T08:09:23","slug":"jobs","status":"publish","type":"page","link":"https:\/\/autoteile-kaarst.de\/?page_id=181","title":{"rendered":"Jobs"},"content":{"rendered":"\t\t<div data-elementor-type=\"wp-page\" data-elementor-id=\"181\" class=\"elementor elementor-181\">\n\t\t\t\t\t\t<section class=\"elementor-section elementor-top-section elementor-element elementor-element-2bcbd13 elementor-section-boxed elementor-section-height-default elementor-section-height-default\" data-id=\"2bcbd13\" data-element_type=\"section\" data-e-type=\"section\">\n\t\t\t\t\t\t<div class=\"elementor-container elementor-column-gap-default\">\n\t\t\t\t\t<div class=\"elementor-column elementor-col-100 elementor-top-column elementor-element elementor-element-756303b\" data-id=\"756303b\" data-element_type=\"column\" data-e-type=\"column\">\n\t\t\t<div class=\"elementor-widget-wrap elementor-element-populated\">\n\t\t\t\t\t\t<div class=\"elementor-element elementor-element-a8a4a65 elementor-widget elementor-widget-heading\" data-id=\"a8a4a65\" data-element_type=\"widget\" data-e-type=\"widget\" data-widget_type=\"heading.default\">\n\t\t\t\t<div class=\"elementor-widget-container\">\n\t\t\t\t\t<h1 class=\"elementor-heading-title elementor-size-default\">Wir suchen zu n\u00e4chstm\u00f6glichen Eintritt:<\/h1>\t\t\t\t<\/div>\n\t\t\t\t<\/div>\n\t\t\t\t<div class=\"elementor-element elementor-element-d56ac45 elementor-widget elementor-widget-text-editor\" data-id=\"d56ac45\" data-element_type=\"widget\" data-e-type=\"widget\" data-widget_type=\"text-editor.default\">\n\t\t\t\t<div class=\"elementor-widget-container\">\n\t\t\t\t\t\t\t\t\t<p><strong>Verk\u00e4ufer \/ in im Einzelhandel (m\/w\/d) in Teilzeit<\/strong><\/p>\t\t\t\t\t\t\t\t<\/div>\n\t\t\t\t<\/div>\n\t\t\t\t\t<\/div>\n\t\t<\/div>\n\t\t\t\t\t<\/div>\n\t\t<\/section>\n\t\t\t\t<section class=\"elementor-section elementor-top-section elementor-element elementor-element-16c48b0 elementor-section-boxed elementor-section-height-default elementor-section-height-default\" data-id=\"16c48b0\" data-element_type=\"section\" data-e-type=\"section\">\n\t\t\t\t\t\t<div class=\"elementor-container elementor-column-gap-default\">\n\t\t\t\t\t<div class=\"elementor-column elementor-col-100 elementor-top-column elementor-element elementor-element-ff4d7b0\" data-id=\"ff4d7b0\" data-element_type=\"column\" data-e-type=\"column\">\n\t\t\t<div class=\"elementor-widget-wrap elementor-element-populated\">\n\t\t\t\t\t\t<div class=\"elementor-element elementor-element-5c72279 elementor-widget elementor-widget-text-editor\" data-id=\"5c72279\" data-element_type=\"widget\" data-e-type=\"widget\" data-widget_type=\"text-editor.default\">\n\t\t\t\t<div class=\"elementor-widget-container\">\n\t\t\t\t\t\t\t\t\t<p>Wir sind ein etablierter, Inhaber gef\u00fchrter H\u00e4ndler f\u00fcr Auto- und Motorradersatzteile, zentral in Kaarst gelegen, nur 2 Geh-Minuten vom Kaarster Bahnhof entfernt. Wir k\u00fcmmern uns um alle Fragen rund um Auto und Motorrad. Unser junges Team arbeitet mit viel Leidenschaft, um die W\u00fcnsche unserer Kunden zu erf\u00fcllen und ihnen den besten Service zu bieten. Das umfasst auch Lieferungen zu den \u00f6rtlichen Werkst\u00e4tten. Als Erg\u00e4nzung suchen wir ambitionierten Mitarbeiter in Teilzeit, Mo &#8211; Do von 13:00 &#8211; 18:00 Uhr<\/p>\t\t\t\t\t\t\t\t<\/div>\n\t\t\t\t<\/div>\n\t\t\t\t\t<\/div>\n\t\t<\/div>\n\t\t\t\t\t<\/div>\n\t\t<\/section>\n\t\t\t\t<section class=\"elementor-section elementor-top-section elementor-element elementor-element-e3e9d22 elementor-section-boxed elementor-section-height-default elementor-section-height-default\" data-id=\"e3e9d22\" data-element_type=\"section\" data-e-type=\"section\">\n\t\t\t\t\t\t<div class=\"elementor-container elementor-column-gap-default\">\n\t\t\t\t\t<div class=\"elementor-column elementor-col-100 elementor-top-column elementor-element elementor-element-095302b\" data-id=\"095302b\" data-element_type=\"column\" data-e-type=\"column\">\n\t\t\t<div class=\"elementor-widget-wrap elementor-element-populated\">\n\t\t\t\t\t\t<div class=\"elementor-element elementor-element-35526b9 elementor-widget elementor-widget-text-editor\" data-id=\"35526b9\" data-element_type=\"widget\" data-e-type=\"widget\" data-widget_type=\"text-editor.default\">\n\t\t\t\t<div class=\"elementor-widget-container\">\n\t\t\t\t\t\t\t\t\t<p><strong>Deine Aufgaben:<\/strong><\/p><p>Verkauf und Beratung im Bereich Auto- und Motorradteile<\/p><p>Auslieferungsfahrten an unsere Werkstattkunden<\/p><p>Lagerarbeiten<\/p><p><strong>Deine Qualifikationen:<\/strong><\/p><p>G\u00fcltiger F\u00fchrerschein Klasse B, vormals Klasse 3 (zwingend notwendig)<\/p><p>Kaufm\u00e4nnischen und technisches Verst\u00e4ndnis<\/p><p>Deutsch und Englisch in Wort und Schrift<\/p><p>Freundliches und gepflegtes Auftreten<\/p><p><strong>Das bieten wir:<\/strong><\/p><p>Einen unbefristeten, krisensicheren Job<\/p><p>Modernes Arbeitsumfeld (moderner Fuhrpark, technische Ausstattung, etc.)<\/p><p>Junges Team mit flachen Hierarchien.<\/p><p>Bezahlte \u00dcberstunden<\/p><p>Freie Getr\u00e4nke w\u00e4hrend der Arbeitszeit<\/p><p><strong>Schicke uns deine aussagekr\u00e4ftige Bewerbungen bitte per Mail an ilebeau@autoteile-karst.de<\/strong><\/p><p>\u00a0<\/p><p>\u00a0<\/p>\t\t\t\t\t\t\t\t<\/div>\n\t\t\t\t<\/div>\n\t\t\t\t\t<\/div>\n\t\t<\/div>\n\t\t\t\t\t<\/div>\n\t\t<\/section>\n\t\t\t\t<\/div>\n\t\t","protected":false},"excerpt":{"rendered":"<p>Wir suchen zu n\u00e4chstm\u00f6glichen Eintritt: Verk\u00e4ufer \/ in im Einzelhandel (m\/w\/d) in Teilzeit Wir sind ein etablierter, Inhaber gef\u00fchrter H\u00e4ndler f\u00fcr Auto- und Motorradersatzteile, zentral in Kaarst gelegen, nur 2 [&hellip;]<\/p>\n","protected":false},"author":1,"featured_media":0,"parent":0,"menu_order":0,"comment_status":"closed","ping_status":"closed","template":"","meta":{"site-sidebar-layout":"no-sidebar","site-content-layout":"page-builder","ast-site-content-layout":"default","site-content-style":"default","site-sidebar-style":"default","ast-global-header-display":"","ast-banner-title-visibility":"","ast-main-header-display":"","ast-hfb-above-header-display":"","ast-hfb-below-header-display":"","ast-hfb-mobile-header-display":"","site-post-title":"disabled","ast-breadcrumbs-content":"","ast-featured-img":"disabled","footer-sml-layout":"","ast-disable-related-posts":"","theme-transparent-header-meta":"","adv-header-id-meta":"","stick-header-meta":"","header-above-stick-meta":"","header-main-stick-meta":"","header-below-stick-meta":"","astra-migrate-meta-layouts":"default","ast-page-background-enabled":"default","ast-page-background-meta":{"desktop":{"background-color":"var(--ast-global-color-4)","background-image":"","background-repeat":"repeat","background-position":"center center","background-size":"auto","background-attachment":"scroll","background-type":"","background-media":"","overlay-type":"","overlay-color":"","overlay-opacity":"","overlay-gradient":""},"tablet":{"background-color":"","background-image":"","background-repeat":"repeat","background-position":"center center","background-size":"auto","background-attachment":"scroll","background-type":"","background-media":"","overlay-type":"","overlay-color":"","overlay-opacity":"","overlay-gradient":""},"mobile":{"background-color":"","background-image":"","background-repeat":"repeat","background-position":"center center","background-size":"auto","background-attachment":"scroll","background-type":"","background-media":"","overlay-type":"","overlay-color":"","overlay-opacity":"","overlay-gradient":""}},"ast-content-background-meta":{"desktop":{"background-color":"var(--ast-global-color-5)","background-image":"","background-repeat":"repeat","background-position":"center center","background-size":"auto","background-attachment":"scroll","background-type":"","background-media":"","overlay-type":"","overlay-color":"","overlay-opacity":"","overlay-gradient":""},"tablet":{"background-color":"var(--ast-global-color-5)","background-image":"","background-repeat":"repeat","background-position":"center center","background-size":"auto","background-attachment":"scroll","background-type":"","background-media":"","overlay-type":"","overlay-color":"","overlay-opacity":"","overlay-gradient":""},"mobile":{"background-color":"var(--ast-global-color-5)","background-image":"","background-repeat":"repeat","background-position":"center center","background-size":"auto","background-attachment":"scroll","background-type":"","background-media":"","overlay-type":"","overlay-color":"","overlay-opacity":"","overlay-gradient":""}},"footnotes":""},"class_list":["post-181","page","type-page","status-publish","hentry"],"_links":{"self":[{"href":"https:\/\/autoteile-kaarst.de\/index.php?rest_route=\/wp\/v2\/pages\/181","targetHints":{"allow":["GET"]}}],"collection":[{"href":"https:\/\/autoteile-kaarst.de\/index.php?rest_route=\/wp\/v2\/pages"}],"about":[{"href":"https:\/\/autoteile-kaarst.de\/index.php?rest_route=\/wp\/v2\/types\/page"}],"author":[{"embeddable":true,"href":"https:\/\/autoteile-kaarst.de\/index.php?rest_route=\/wp\/v2\/users\/1"}],"replies":[{"embeddable":true,"href":"https:\/\/autoteile-kaarst.de\/index.php?rest_route=%2Fwp%2Fv2%2Fcomments&post=181"}],"version-history":[{"count":10,"href":"https:\/\/autoteile-kaarst.de\/index.php?rest_route=\/wp\/v2\/pages\/181\/revisions"}],"predecessor-version":[{"id":240,"href":"https:\/\/autoteile-kaarst.de\/index.php?rest_route=\/wp\/v2\/pages\/181\/revisions\/240"}],"wp:attachment":[{"href":"https:\/\/autoteile-kaarst.de\/index.php?rest_route=%2Fwp%2Fv2%2Fmedia&parent=181"}],"curies":[{"name":"wp","href":"https:\/\/api.w.org\/{rel}","templated":true}]}}